{"id":4601,"date":"2023-02-13T10:48:16","date_gmt":"2023-02-13T10:48:16","guid":{"rendered":"https:\/\/tattoogenda.com\/?page_id=4601"},"modified":"2023-02-13T12:09:13","modified_gmt":"2023-02-13T12:09:13","slug":"need-to-reach-out-to-your-customers","status":"publish","type":"page","link":"https:\/\/tattoogenda.com\/es\/need-to-reach-out-to-your-customers\/","title":{"rendered":"\u00bfNecesita llegar a sus clientes?"},"content":{"rendered":"<style>.elementor-4601 .elementor-element.elementor-element-465c596{text-align:center;}.elementor-4601 .elementor-element.elementor-element-465c596 .elementor-heading-title{line-height:75px;}.elementor-4601 .elementor-element.elementor-element-465c596 > .elementor-widget-container{padding:24px 0px 0px 0px;}.elementor-4601 .elementor-element.elementor-element-ab451d0{text-align:center;letter-spacing:0.6px;}.elementor-4601 .elementor-element.elementor-element-5b637fc:not(.elementor-motion-effects-element-type-background), .elementor-4601 .elementor-element.elementor-element-5b637fc > .elementor-motion-effects-container > .elementor-motion-effects-layer{background-color:#FFFFFF;}.elementor-4601 .elementor-element.elementor-element-5b637fc{transition:background 0.3s, border 0.3s, border-radius 0.3s, box-shadow 0.3s;margin-top:20px;margin-bottom:0px;}.elementor-4601 .elementor-element.elementor-element-5b637fc > .elementor-background-overlay{transition:background 0.3s, border-radius 0.3s, opacity 0.3s;}.elementor-4601 .elementor-element.elementor-element-c376e1a{text-align:center;}.elementor-4601 .elementor-element.elementor-element-f6dbfef{text-align:center;letter-spacing:0.7px;}.elementor-4601 .elementor-element.elementor-element-63a40a2{margin-top:20px;margin-bottom:0px;}.elementor-4601 .elementor-element.elementor-element-b5a0e5a{text-align:center;}.elementor-4601 .elementor-element.elementor-element-822b266{text-align:center;letter-spacing:0.7px;}.elementor-4601 .elementor-element.elementor-element-2553993:not(.elementor-motion-effects-element-type-background), .elementor-4601 .elementor-element.elementor-element-2553993 > .elementor-motion-effects-container > .elementor-motion-effects-layer{background-color:#FFFFFF;}.elementor-4601 .elementor-element.elementor-element-2553993{transition:background 0.3s, border 0.3s, border-radius 0.3s, box-shadow 0.3s;margin-top:20px;margin-bottom:0px;}.elementor-4601 .elementor-element.elementor-element-2553993 > .elementor-background-overlay{transition:background 0.3s, border-radius 0.3s, opacity 0.3s;}.elementor-4601 .elementor-element.elementor-element-ae0747e{text-align:center;}.elementor-4601 .elementor-element.elementor-element-a3e460e{text-align:center;letter-spacing:0.7px;}<\/style>\t\t<div data-elementor-type=\"wp-page\" data-elementor-id=\"4601\" class=\"elementor elementor-4601\" data-elementor-post-type=\"page\">\n\t\t\t\t\t\t<section class=\"has_eae_slider elementor-section elementor-top-section elementor-element elementor-element-9b49bc8 elementor-section-boxed elementor-section-height-default elementor-section-height-default\" data-eae-slider=\"24026\" data-id=\"9b49bc8\" data-element_type=\"section\" data-e-type=\"section\">\n\t\t\t\t\t\t<div class=\"elementor-container elementor-column-gap-default\">\n\t\t\t\t\t<div class=\"has_eae_slider elementor-column elementor-col-100 elementor-top-column elementor-element elementor-element-697f1e6\" data-eae-slider=\"52142\" data-id=\"697f1e6\" data-element_type=\"column\" data-e-type=\"column\">\n\t\t\t<div class=\"elementor-widget-wrap elementor-element-populated\">\n\t\t\t\t\t\t<div class=\"elementor-element elementor-element-465c596 elementor-widget elementor-widget-heading\" data-id=\"465c596\" data-element_type=\"widget\" data-e-type=\"widget\" data-widget_type=\"heading.default\">\n\t\t\t\t<div class=\"elementor-widget-container\">\n\t\t\t\t\t<h1 class=\"elementor-heading-title elementor-size-default\">\u00bfNecesita llegar a sus clientes?<\/h1>\t\t\t\t<\/div>\n\t\t\t\t<\/div>\n\t\t\t\t<div class=\"elementor-element elementor-element-ab451d0 elementor-widget elementor-widget-text-editor\" data-id=\"ab451d0\" data-element_type=\"widget\" data-e-type=\"widget\" data-widget_type=\"text-editor.default\">\n\t\t\t\t<div class=\"elementor-widget-container\">\n\t\t\t\t\t\t\t\t\t<p>A veces, como artistas del tatuaje, nos gustar\u00eda tener una forma de llegar a nuestros clientes, ya sabes, que no sea Instagram.<\/p><p>Puede que tus reservas vuelvan a estar abiertas, que necesites encontrar un cliente para una convenci\u00f3n de tatuajes o que cambies de local y tengas que avisar a tus clientes. O puede que un artista invitado se una a ti durante un tiempo. Una historia de Instagram llegar\u00e1 a algunos de tus clientes, pero no a todos. Sobre todo porque los seguidores de Instagram no equivalen a clientes de pago.<\/p><p>TattooGenda tambi\u00e9n ha pensado en este escenario y si optas por la suscripci\u00f3n de tienda experta, llegar a todos tus clientes est\u00e1 a 3 clics de distancia, literalmente.<\/p>\t\t\t\t\t\t\t\t<\/div>\n\t\t\t\t<\/div>\n\t\t\t\t\t<\/div>\n\t\t<\/div>\n\t\t\t\t\t<\/div>\n\t\t<\/section>\n\t\t\t\t<section class=\"has_eae_slider elementor-section elementor-top-section elementor-element elementor-element-5b637fc elementor-section-boxed elementor-section-height-default elementor-section-height-default\" data-eae-slider=\"19309\" data-id=\"5b637fc\" data-element_type=\"section\" data-e-type=\"section\" data-settings=\"{&quot;background_background&quot;:&quot;classic&quot;}\">\n\t\t\t\t\t\t<div class=\"elementor-container elementor-column-gap-default\">\n\t\t\t\t\t<div class=\"has_eae_slider elementor-column elementor-col-100 elementor-top-column elementor-element elementor-element-4e7f200\" data-eae-slider=\"9483\" data-id=\"4e7f200\" data-element_type=\"column\" data-e-type=\"column\">\n\t\t\t<div class=\"elementor-widget-wrap elementor-element-populated\">\n\t\t\t\t\t\t<div class=\"elementor-element elementor-element-c376e1a elementor-widget elementor-widget-heading\" data-id=\"c376e1a\" data-element_type=\"widget\" data-e-type=\"widget\" data-widget_type=\"heading.default\">\n\t\t\t\t<div class=\"elementor-widget-container\">\n\t\t\t\t\t<h2 class=\"elementor-heading-title elementor-size-default\">Lista de clientes de artistas <\/h2>\t\t\t\t<\/div>\n\t\t\t\t<\/div>\n\t\t\t\t<div class=\"elementor-element elementor-element-f6dbfef elementor-widget elementor-widget-text-editor\" data-id=\"f6dbfef\" data-element_type=\"widget\" data-e-type=\"widget\" data-widget_type=\"text-editor.default\">\n\t\t\t\t<div class=\"elementor-widget-container\">\n\t\t\t\t\t\t\t\t\t<p>Como ya sabes, en TattooGenda se mantiene una lista de clientes. Cada vez que creas un nuevo cliente, se a\u00f1ade a esa lista. Ya te hemos hablado de <a href=\"https:\/\/tattoogenda.com\/es\/cant-find-quick-replacements-for-no-shows\/\" target=\"_blank\" rel=\"noopener\">la posibilidad de filtrar a los clientes que deseen ser contactados cuando se produzca un no-show o una cancelaci\u00f3n<\/a>. Pero esto va m\u00e1s all\u00e1. Una vez m\u00e1s, se trata de una opci\u00f3n s\u00f3lo disponible para el recepcionista.<\/p><p>Si va a la lista de artistas, puede acceder a la lista de clientes de cada artista. Basta con hacer clic en la p\u00e1gina del artista deseado e ir a \u2018mailings\u2019. All\u00ed encontrar\u00e1 la lista de clientes del artista. \u00c9sta incluye <strong>todos los clientes que han tenido una cita con ese artista en particular en el pasado.<\/strong><\/p><p>\u00bfPor qu\u00e9 lo necesitas? Bueno.., <strong>Digamos que tiene un artista invitado que s\u00f3lo visita su tienda una vez al a\u00f1o: puede ser \u00fatil avisar a sus clientes para que su agenda est\u00e9 completa cuando llegue.<\/strong> O en otros casos, un artista residente puede decidir cerrar sus reservas durante unos meses. Por la misma raz\u00f3n, es \u00fatil poder ponerse en contacto con sus clientes. Pero tambi\u00e9n puedes enviar correos electr\u00f3nicos a tus clientes por cualquier motivo, por ejemplo, para promocionar tus productos.<\/p><p><em>P.D. Usted mismo es responsable del cumplimiento de las leyes GDPR (en Europa)\/CCPA (en EE.UU.).<\/em><\/p>\t\t\t\t\t\t\t\t<\/div>\n\t\t\t\t<\/div>\n\t\t\t\t\t<\/div>\n\t\t<\/div>\n\t\t\t\t\t<\/div>\n\t\t<\/section>\n\t\t\t\t<section class=\"has_eae_slider elementor-section elementor-top-section elementor-element elementor-element-63a40a2 elementor-section-boxed elementor-section-height-default elementor-section-height-default\" data-eae-slider=\"37818\" data-id=\"63a40a2\" data-element_type=\"section\" data-e-type=\"section\">\n\t\t\t\t\t\t<div class=\"elementor-container elementor-column-gap-default\">\n\t\t\t\t\t<div class=\"has_eae_slider elementor-column elementor-col-100 elementor-top-column elementor-element elementor-element-075875c\" data-eae-slider=\"53480\" data-id=\"075875c\" data-element_type=\"column\" data-e-type=\"column\">\n\t\t\t<div class=\"elementor-widget-wrap elementor-element-populated\">\n\t\t\t\t\t\t<div class=\"elementor-element elementor-element-b5a0e5a elementor-widget elementor-widget-heading\" data-id=\"b5a0e5a\" data-element_type=\"widget\" data-e-type=\"widget\" data-widget_type=\"heading.default\">\n\t\t\t\t<div class=\"elementor-widget-container\">\n\t\t\t\t\t<h2 class=\"elementor-heading-title elementor-size-default\">Lista de espera de artistas<\/h2>\t\t\t\t<\/div>\n\t\t\t\t<\/div>\n\t\t\t\t<div class=\"elementor-element elementor-element-822b266 elementor-widget elementor-widget-text-editor\" data-id=\"822b266\" data-element_type=\"widget\" data-e-type=\"widget\" data-widget_type=\"text-editor.default\">\n\t\t\t\t<div class=\"elementor-widget-container\">\n\t\t\t\t\t\t\t\t\t<p>En \u2018mailings\u2019 de tu artista tambi\u00e9n encontrar\u00e1s sus<strong> lista de espera llena de clientes, bueno, esperando<\/strong>. Se supone que esta lista se mantiene manualmente. Para situaciones en las que un cliente ha comenzado un gran proyecto pero su artista invitado tiene que marcharse, es bueno poder mantener una lista de espera para que no pierdan la oportunidad de terminar el proyecto la pr\u00f3xima vez que est\u00e9n aqu\u00ed.<\/p><p>O tal vez un cliente a\u00fan no ha comenzado un proyecto con ese artista, pero ha estado esperando una eternidad para conseguir una cita con un determinado artista, pero termina siendo reservado en su totalidad muy r\u00e1pido. Ni siquiera tiene que tratarse de un artista invitado para que se produzca esta situaci\u00f3n, puede ocurrir con residentes que abren y cierran sus reservas cada pocos meses.<\/p><p>Haciendo clic en \u2018lista de correo\u2019, tanto si se trata del cliente como de la lista de espera,<strong> habr\u00e1 una plantilla est\u00e1ndar del correo electr\u00f3nico que puedes elegir dejar tal cual o personalizarla.<\/strong><\/p>\t\t\t\t\t\t\t\t<\/div>\n\t\t\t\t<\/div>\n\t\t\t\t\t<\/div>\n\t\t<\/div>\n\t\t\t\t\t<\/div>\n\t\t<\/section>\n\t\t\t\t<section class=\"has_eae_slider elementor-section elementor-top-section elementor-element elementor-element-2553993 elementor-section-boxed elementor-section-height-default elementor-section-height-default\" data-eae-slider=\"45365\" data-id=\"2553993\" data-element_type=\"section\" data-e-type=\"section\" data-settings=\"{&quot;background_background&quot;:&quot;classic&quot;}\">\n\t\t\t\t\t\t<div class=\"elementor-container elementor-column-gap-default\">\n\t\t\t\t\t<div class=\"has_eae_slider elementor-column elementor-col-100 elementor-top-column elementor-element elementor-element-7f77dec\" data-eae-slider=\"25143\" data-id=\"7f77dec\" data-element_type=\"column\" data-e-type=\"column\">\n\t\t\t<div class=\"elementor-widget-wrap elementor-element-populated\">\n\t\t\t\t\t\t<div class=\"elementor-element elementor-element-ae0747e elementor-widget elementor-widget-heading\" data-id=\"ae0747e\" data-element_type=\"widget\" data-e-type=\"widget\" data-widget_type=\"heading.default\">\n\t\t\t\t<div class=\"elementor-widget-container\">\n\t\t\t\t\t<h3 class=\"elementor-heading-title elementor-size-default\">\u00bfLas ventajas?<\/h3>\t\t\t\t<\/div>\n\t\t\t\t<\/div>\n\t\t\t\t<div class=\"elementor-element elementor-element-a3e460e elementor-widget elementor-widget-text-editor\" data-id=\"a3e460e\" data-element_type=\"widget\" data-e-type=\"widget\" data-widget_type=\"text-editor.default\">\n\t\t\t\t<div class=\"elementor-widget-container\">\n\t\t\t\t\t\t\t\t\t<ul><li>Disponer de una visi\u00f3n clara y autom\u00e1tica de los clientes de cada artista con sus datos<\/li><li>Posibilidad de mantener una lista de espera actualizada para cada artista<\/li><li>Una forma realmente sencilla de enviar un correo electr\u00f3nico a todos los clientes a la vez<\/li><li>Plantilla de correo electr\u00f3nico est\u00e1ndar creada para usted<\/li><li>Posibilidad de personalizar la plantilla<\/li><\/ul><p><em>Si tiene alguna pregunta, no dude en ponerse en contacto con nosotros a trav\u00e9s de la p\u00e1gina de contacto, o puede dejar un comentario m\u00e1s abajo y le responderemos tan r\u00e1pido como humanamente sea posible. <\/em><\/p>\t\t\t\t\t\t\t\t<\/div>\n\t\t\t\t<\/div>\n\t\t\t\t\t<\/div>\n\t\t<\/div>\n\t\t\t\t\t<\/div>\n\t\t<\/section>\n\t\t\t\t<\/div>","protected":false},"excerpt":{"rendered":"<p>Need to reach out to your customers? Sometimes we as tattoo artists wish we had a way of reaching out to our customers, you know, other than Instagram. Maybe your bookings are open again, or you need to find a client for a tattoo convention or perhaps you\u2019re changing locations and have to let your [&hellip;]<\/p>\n","protected":false},"author":2,"featured_media":0,"parent":0,"menu_order":0,"comment_status":"closed","ping_status":"closed","template":"","meta":{"site-sidebar-layout":"no-sidebar","site-content-layout":"page-builder","ast-site-content-layout":"default","site-content-style":"default","site-sidebar-style":"default","ast-global-header-display":"","ast-banner-title-visibility":"","ast-main-header-display":"","ast-hfb-above-header-display":"","ast-hfb-below-header-display":"","ast-hfb-mobile-header-display":"","site-post-title":"disabled","ast-breadcrumbs-content":"","ast-featured-img":"disabled","footer-sml-layout":"","ast-disable-related-posts":"","theme-transparent-header-meta":"","adv-header-id-meta":"","stick-header-meta":"","header-above-stick-meta":"","header-main-stick-meta":"","header-below-stick-meta":"","astra-migrate-meta-layouts":"default","ast-page-background-enabled":"default","ast-page-background-meta":{"desktop":{"background-color":"","background-image":"","background-repeat":"repeat","background-position":"center center","background-size":"auto","background-attachment":"scroll","background-type":"","background-media":"","overlay-type":"","overlay-color":"","overlay-opacity":"","overlay-gradient":""},"tablet":{"background-color":"","background-image":"","background-repeat":"repeat","background-position":"center center","background-size":"auto","background-attachment":"scroll","background-type":"","background-media":"","overlay-type":"","overlay-color":"","overlay-opacity":"","overlay-gradient":""},"mobile":{"background-color":"","background-image":"","background-repeat":"repeat","background-position":"center center","background-size":"auto","background-attachment":"scroll","background-type":"","background-media":"","overlay-type":"","overlay-color":"","overlay-opacity":"","overlay-gradient":""}},"ast-content-background-meta":{"desktop":{"background-color":"var(--ast-global-color-5)","background-image":"","background-repeat":"repeat","background-position":"center center","background-size":"auto","background-attachment":"scroll","background-type":"","background-media":"","overlay-type":"","overlay-color":"","overlay-opacity":"","overlay-gradient":""},"tablet":{"background-color":"var(--ast-global-color-5)","background-image":"","background-repeat":"repeat","background-position":"center center","background-size":"auto","background-attachment":"scroll","background-type":"","background-media":"","overlay-type":"","overlay-color":"","overlay-opacity":"","overlay-gradient":""},"mobile":{"background-color":"var(--ast-global-color-5)","background-image":"","background-repeat":"repeat","background-position":"center center","background-size":"auto","background-attachment":"scroll","background-type":"","background-media":"","overlay-type":"","overlay-color":"","overlay-opacity":"","overlay-gradient":""}},"footnotes":""},"class_list":["post-4601","page","type-page","status-publish","hentry"],"yoast_head":"<!-- This site is optimized with the Yoast SEO Premium plugin v21.2 (Yoast SEO v27.3) - https:\/\/yoast.com\/product\/yoast-seo-premium-wordpress\/ -->\n<title>Need to reach out to your customers? - tattoogenda.com<\/title>\n<meta name=\"robots\" content=\"index, follow, max-snippet:-1, max-image-preview:large, max-video-preview:-1\" \/>\n<link rel=\"canonical\" href=\"https:\/\/tattoogenda.com\/es\/need-to-reach-out-to-your-customers\/\" \/>\n<meta property=\"og:locale\" content=\"es_ES\" \/>\n<meta property=\"og:type\" content=\"article\" \/>\n<meta property=\"og:title\" content=\"Need to reach out to your customers?\" \/>\n<meta property=\"og:description\" content=\"Need to reach out to your customers? Sometimes we as tattoo artists wish we had a way of reaching out to our customers, you know, other than Instagram. Maybe your bookings are open again, or you need to find a client for a tattoo convention or perhaps you\u2019re changing locations and have to let your [&hellip;]\" \/>\n<meta property=\"og:url\" content=\"https:\/\/tattoogenda.com\/es\/need-to-reach-out-to-your-customers\/\" \/>\n<meta property=\"og:site_name\" content=\"tattoogenda.com\" \/>\n<meta property=\"article:publisher\" content=\"https:\/\/www.facebook.com\/tattoogenda\" \/>\n<meta property=\"article:modified_time\" content=\"2023-02-13T12:09:13+00:00\" \/>\n<meta property=\"og:image\" content=\"https:\/\/tattoogenda.com\/wp-content\/uploads\/2022\/12\/zwartPaarsHorizontaal.png\" \/>\n\t<meta property=\"og:image:width\" content=\"1323\" \/>\n\t<meta property=\"og:image:height\" content=\"780\" \/>\n\t<meta property=\"og:image:type\" content=\"image\/png\" \/>\n<meta name=\"twitter:card\" content=\"summary_large_image\" \/>\n<meta name=\"twitter:label1\" content=\"Tiempo de lectura\" \/>\n\t<meta name=\"twitter:data1\" content=\"3 minutos\" \/>\n<script type=\"application\/ld+json\" class=\"yoast-schema-graph\">{\"@context\":\"https:\\\/\\\/schema.org\",\"@graph\":[{\"@type\":\"WebPage\",\"@id\":\"https:\\\/\\\/tattoogenda.com\\\/need-to-reach-out-to-your-customers\\\/\",\"url\":\"https:\\\/\\\/tattoogenda.com\\\/need-to-reach-out-to-your-customers\\\/\",\"name\":\"Need to reach out to your customers? - tattoogenda.com\",\"isPartOf\":{\"@id\":\"https:\\\/\\\/tattoogenda.com\\\/#website\"},\"datePublished\":\"2023-02-13T10:48:16+00:00\",\"dateModified\":\"2023-02-13T12:09:13+00:00\",\"breadcrumb\":{\"@id\":\"https:\\\/\\\/tattoogenda.com\\\/need-to-reach-out-to-your-customers\\\/#breadcrumb\"},\"inLanguage\":\"es\",\"potentialAction\":[{\"@type\":\"ReadAction\",\"target\":[\"https:\\\/\\\/tattoogenda.com\\\/need-to-reach-out-to-your-customers\\\/\"]}]},{\"@type\":\"BreadcrumbList\",\"@id\":\"https:\\\/\\\/tattoogenda.com\\\/need-to-reach-out-to-your-customers\\\/#breadcrumb\",\"itemListElement\":[{\"@type\":\"ListItem\",\"position\":1,\"name\":\"Home\",\"item\":\"https:\\\/\\\/tattoogenda.com\\\/\"},{\"@type\":\"ListItem\",\"position\":2,\"name\":\"Need to reach out to your customers?\"}]},{\"@type\":\"WebSite\",\"@id\":\"https:\\\/\\\/tattoogenda.com\\\/#website\",\"url\":\"https:\\\/\\\/tattoogenda.com\\\/\",\"name\":\"tattoogenda.com\",\"description\":\"Tattoogenda - Tattoo Lifestyle &amp; Community\",\"publisher\":{\"@id\":\"https:\\\/\\\/tattoogenda.com\\\/#organization\"},\"alternateName\":\"Tattoogenda\",\"potentialAction\":[{\"@type\":\"SearchAction\",\"target\":{\"@type\":\"EntryPoint\",\"urlTemplate\":\"https:\\\/\\\/tattoogenda.com\\\/?s={search_term_string}\"},\"query-input\":{\"@type\":\"PropertyValueSpecification\",\"valueRequired\":true,\"valueName\":\"search_term_string\"}}],\"inLanguage\":\"es\"},{\"@type\":\"Organization\",\"@id\":\"https:\\\/\\\/tattoogenda.com\\\/#organization\",\"name\":\"Tattoogenda\",\"alternateName\":\"Tattoogenda lifestyle & community\",\"url\":\"https:\\\/\\\/tattoogenda.com\\\/\",\"logo\":{\"@type\":\"ImageObject\",\"inLanguage\":\"es\",\"@id\":\"https:\\\/\\\/tattoogenda.com\\\/#\\\/schema\\\/logo\\\/image\\\/\",\"url\":\"https:\\\/\\\/tattoogenda.com\\\/wp-content\\\/uploads\\\/2023\\\/01\\\/Logo-white-line.png\",\"contentUrl\":\"https:\\\/\\\/tattoogenda.com\\\/wp-content\\\/uploads\\\/2023\\\/01\\\/Logo-white-line.png\",\"width\":512,\"height\":512,\"caption\":\"Tattoogenda\"},\"image\":{\"@id\":\"https:\\\/\\\/tattoogenda.com\\\/#\\\/schema\\\/logo\\\/image\\\/\"},\"sameAs\":[\"https:\\\/\\\/www.facebook.com\\\/tattoogenda\",\"https:\\\/\\\/www.instagram.com\\\/tattoogenda\\\/\",\"https:\\\/\\\/www.youtube.com\\\/@tattoogenda\",\"https:\\\/\\\/www.pinterest.com\\\/tattoogenda\\\/\"]}]}<\/script>\n<!-- \/ Yoast SEO Premium plugin. -->","yoast_head_json":{"title":"Need to reach out to your customers? - tattoogenda.com","robots":{"index":"index","follow":"follow","max-snippet":"max-snippet:-1","max-image-preview":"max-image-preview:large","max-video-preview":"max-video-preview:-1"},"canonical":"https:\/\/tattoogenda.com\/es\/need-to-reach-out-to-your-customers\/","og_locale":"es_ES","og_type":"article","og_title":"Need to reach out to your customers?","og_description":"Need to reach out to your customers? Sometimes we as tattoo artists wish we had a way of reaching out to our customers, you know, other than Instagram. Maybe your bookings are open again, or you need to find a client for a tattoo convention or perhaps you\u2019re changing locations and have to let your [&hellip;]","og_url":"https:\/\/tattoogenda.com\/es\/need-to-reach-out-to-your-customers\/","og_site_name":"tattoogenda.com","article_publisher":"https:\/\/www.facebook.com\/tattoogenda","article_modified_time":"2023-02-13T12:09:13+00:00","og_image":[{"width":1323,"height":780,"url":"https:\/\/tattoogenda.com\/wp-content\/uploads\/2022\/12\/zwartPaarsHorizontaal.png","type":"image\/png"}],"twitter_card":"summary_large_image","twitter_misc":{"Tiempo de lectura":"3 minutos"},"schema":{"@context":"https:\/\/schema.org","@graph":[{"@type":"WebPage","@id":"https:\/\/tattoogenda.com\/need-to-reach-out-to-your-customers\/","url":"https:\/\/tattoogenda.com\/need-to-reach-out-to-your-customers\/","name":"Need to reach out to your customers? - tattoogenda.com","isPartOf":{"@id":"https:\/\/tattoogenda.com\/#website"},"datePublished":"2023-02-13T10:48:16+00:00","dateModified":"2023-02-13T12:09:13+00:00","breadcrumb":{"@id":"https:\/\/tattoogenda.com\/need-to-reach-out-to-your-customers\/#breadcrumb"},"inLanguage":"es","potentialAction":[{"@type":"ReadAction","target":["https:\/\/tattoogenda.com\/need-to-reach-out-to-your-customers\/"]}]},{"@type":"BreadcrumbList","@id":"https:\/\/tattoogenda.com\/need-to-reach-out-to-your-customers\/#breadcrumb","itemListElement":[{"@type":"ListItem","position":1,"name":"Home","item":"https:\/\/tattoogenda.com\/"},{"@type":"ListItem","position":2,"name":"Need to reach out to your customers?"}]},{"@type":"WebSite","@id":"https:\/\/tattoogenda.com\/#website","url":"https:\/\/tattoogenda.com\/","name":"tattoogenda.com","description":"Tattoogenda - Tattoo Lifestyle &amp; Community","publisher":{"@id":"https:\/\/tattoogenda.com\/#organization"},"alternateName":"Tattoogenda","potentialAction":[{"@type":"SearchAction","target":{"@type":"EntryPoint","urlTemplate":"https:\/\/tattoogenda.com\/?s={search_term_string}"},"query-input":{"@type":"PropertyValueSpecification","valueRequired":true,"valueName":"search_term_string"}}],"inLanguage":"es"},{"@type":"Organization","@id":"https:\/\/tattoogenda.com\/#organization","name":"Tattoogenda","alternateName":"Tattoogenda lifestyle & community","url":"https:\/\/tattoogenda.com\/","logo":{"@type":"ImageObject","inLanguage":"es","@id":"https:\/\/tattoogenda.com\/#\/schema\/logo\/image\/","url":"https:\/\/tattoogenda.com\/wp-content\/uploads\/2023\/01\/Logo-white-line.png","contentUrl":"https:\/\/tattoogenda.com\/wp-content\/uploads\/2023\/01\/Logo-white-line.png","width":512,"height":512,"caption":"Tattoogenda"},"image":{"@id":"https:\/\/tattoogenda.com\/#\/schema\/logo\/image\/"},"sameAs":["https:\/\/www.facebook.com\/tattoogenda","https:\/\/www.instagram.com\/tattoogenda\/","https:\/\/www.youtube.com\/@tattoogenda","https:\/\/www.pinterest.com\/tattoogenda\/"]}]}},"_links":{"self":[{"href":"https:\/\/tattoogenda.com\/es\/wp-json\/wp\/v2\/pages\/4601","targetHints":{"allow":["GET"]}}],"collection":[{"href":"https:\/\/tattoogenda.com\/es\/wp-json\/wp\/v2\/pages"}],"about":[{"href":"https:\/\/tattoogenda.com\/es\/wp-json\/wp\/v2\/types\/page"}],"author":[{"embeddable":true,"href":"https:\/\/tattoogenda.com\/es\/wp-json\/wp\/v2\/users\/2"}],"replies":[{"embeddable":true,"href":"https:\/\/tattoogenda.com\/es\/wp-json\/wp\/v2\/comments?post=4601"}],"version-history":[{"count":7,"href":"https:\/\/tattoogenda.com\/es\/wp-json\/wp\/v2\/pages\/4601\/revisions"}],"predecessor-version":[{"id":4614,"href":"https:\/\/tattoogenda.com\/es\/wp-json\/wp\/v2\/pages\/4601\/revisions\/4614"}],"wp:attachment":[{"href":"https:\/\/tattoogenda.com\/es\/wp-json\/wp\/v2\/media?parent=4601"}],"curies":[{"name":"wp","href":"https:\/\/api.w.org\/{rel}","templated":true}]}}